{"id":864,"date":"2019-04-27T05:07:58","date_gmt":"2019-04-27T05:07:58","guid":{"rendered":"https:\/\/www.khaleejdigital.com\/accueil\/"},"modified":"2020-12-04T10:34:19","modified_gmt":"2020-12-04T10:34:19","slug":"accueil","status":"publish","type":"page","link":"https:\/\/www.khaleejdigital.com\/fr\/","title":{"rendered":"Accueil"},"content":{"rendered":"","protected":false},"excerpt":{"rendered":"","protected":false},"author":7,"featured_media":0,"parent":0,"menu_order":0,"comment_status":"closed","ping_status":"closed","template":"","meta":[],"yoast_head":"<!-- This site is optimized with the Yoast SEO Premium plugin v15.8 - https:\/\/yoast.com\/wordpress\/plugins\/seo\/ -->\n<title>Agence de conseil et d\u00e9veloppement en strat\u00e9gies digitales<\/title>\n<meta name=\"description\" content=\"Nos services de strat\u00e9gie num\u00e9rique sont parfaits pour les propri\u00e9taires d\u2019entreprise cherchant \u00e0 am\u00e9liorer la performance de leur marque et pour les d\u00e9taillants cherchant \u00e0 s&#039;imposer sur la sc\u00e8ne num\u00e9rique. Nous d\u00e9veloppons une strat\u00e9gie de commerce \u00e9lectronique globale pour assurer une prise de d\u00e9cision bas\u00e9e sur les donn\u00e9es. Nous utilisons les derni\u00e8res technologies et pratiques pour aider nos clients \u00e0 obtenir des revenus plus \u00e9lev\u00e9s et les r\u00e9sultats souhait\u00e9s.\" \/>\n<meta name=\"robots\" content=\"index, follow, max-snippet:-1, max-image-preview:large, max-video-preview:-1\" \/>\n<link rel=\"canonical\" href=\"https:\/\/www.khaleejdigital.com\/fr\/\" \/>\n<meta property=\"og:locale\" content=\"fr_FR\" \/>\n<meta property=\"og:type\" content=\"article\" \/>\n<meta property=\"og:title\" content=\"Agence de conseil et d\u00e9veloppement en strat\u00e9gies digitales\" \/>\n<meta property=\"og:description\" content=\"Nos services de strat\u00e9gie num\u00e9rique sont parfaits pour les propri\u00e9taires d\u2019entreprise cherchant \u00e0 am\u00e9liorer la performance de leur marque et pour les d\u00e9taillants cherchant \u00e0 s&#039;imposer sur la sc\u00e8ne num\u00e9rique. Nous d\u00e9veloppons une strat\u00e9gie de commerce \u00e9lectronique globale pour assurer une prise de d\u00e9cision bas\u00e9e sur les donn\u00e9es. Nous utilisons les derni\u00e8res technologies et pratiques pour aider nos clients \u00e0 obtenir des revenus plus \u00e9lev\u00e9s et les r\u00e9sultats souhait\u00e9s.\" \/>\n<meta property=\"og:url\" content=\"https:\/\/www.khaleejdigital.com\/fr\/\" \/>\n<meta property=\"og:site_name\" content=\"Khaleej Digital | Your Partner For Digital Growth\" \/>\n<meta property=\"article:publisher\" content=\"https:\/\/www.facebook.com\/khaleejdigital\/\" \/>\n<meta property=\"article:modified_time\" content=\"2020-12-04T10:34:19+00:00\" \/>\n<meta name=\"twitter:card\" content=\"summary\" \/>\n<meta name=\"twitter:site\" content=\"@KhaleejDigital\" \/>\n<script type=\"application\/ld+json\" class=\"yoast-schema-graph\">{\"@context\":\"https:\/\/schema.org\",\"@graph\":[{\"@type\":\"Organization\",\"@id\":\"https:\/\/www.khaleejdigital.com\/fr\/#organization\",\"name\":\"Khaleej Digital\",\"url\":\"https:\/\/www.khaleejdigital.com\/fr\/\",\"sameAs\":[\"https:\/\/www.facebook.com\/khaleejdigital\/\",\"https:\/\/www.linkedin.com\/company\/khaleej-digital\/\",\"https:\/\/twitter.com\/KhaleejDigital\"],\"logo\":{\"@type\":\"ImageObject\",\"@id\":\"https:\/\/www.khaleejdigital.com\/fr\/#logo\",\"inLanguage\":\"fr-FR\",\"url\":\"https:\/\/www.khaleejdigital.com\/wp-content\/uploads\/2017\/04\/KHALEEJ-LOGO-500X250.png\",\"width\":500,\"height\":250,\"caption\":\"Khaleej Digital\"},\"image\":{\"@id\":\"https:\/\/www.khaleejdigital.com\/fr\/#logo\"}},{\"@type\":\"WebSite\",\"@id\":\"https:\/\/www.khaleejdigital.com\/fr\/#website\",\"url\":\"https:\/\/www.khaleejdigital.com\/fr\/\",\"name\":\"Khaleej Digital | Omnichannel Digital Advisory Firm\",\"description\":\"\",\"publisher\":{\"@id\":\"https:\/\/www.khaleejdigital.com\/fr\/#organization\"},\"potentialAction\":[{\"@type\":\"SearchAction\",\"target\":\"https:\/\/www.khaleejdigital.com\/fr\/?s={search_term_string}\",\"query-input\":\"required name=search_term_string\"}],\"inLanguage\":\"fr-FR\"},{\"@type\":\"WebPage\",\"@id\":\"https:\/\/www.khaleejdigital.com\/fr\/#webpage\",\"url\":\"https:\/\/www.khaleejdigital.com\/fr\/\",\"name\":\"Agence de conseil et d\\u00e9veloppement en strat\\u00e9gies digitales\",\"isPartOf\":{\"@id\":\"https:\/\/www.khaleejdigital.com\/fr\/#website\"},\"datePublished\":\"2019-04-27T05:07:58+00:00\",\"dateModified\":\"2020-12-04T10:34:19+00:00\",\"description\":\"Nos services de strat\\u00e9gie num\\u00e9rique sont parfaits pour les propri\\u00e9taires d\\u2019entreprise cherchant \\u00e0 am\\u00e9liorer la performance de leur marque et pour les d\\u00e9taillants cherchant \\u00e0 s'imposer sur la sc\\u00e8ne num\\u00e9rique. Nous d\\u00e9veloppons une strat\\u00e9gie de commerce \\u00e9lectronique globale pour assurer une prise de d\\u00e9cision bas\\u00e9e sur les donn\\u00e9es. Nous utilisons les derni\\u00e8res technologies et pratiques pour aider nos clients \\u00e0 obtenir des revenus plus \\u00e9lev\\u00e9s et les r\\u00e9sultats souhait\\u00e9s.\",\"breadcrumb\":{\"@id\":\"https:\/\/www.khaleejdigital.com\/fr\/#breadcrumb\"},\"inLanguage\":\"fr-FR\",\"potentialAction\":[{\"@type\":\"ReadAction\",\"target\":[\"https:\/\/www.khaleejdigital.com\/fr\/\"]}]},{\"@type\":\"BreadcrumbList\",\"@id\":\"https:\/\/www.khaleejdigital.com\/fr\/#breadcrumb\",\"itemListElement\":[{\"@type\":\"ListItem\",\"position\":1,\"item\":{\"@type\":\"WebPage\",\"@id\":\"https:\/\/www.khaleejdigital.com\/fr\/\",\"url\":\"https:\/\/www.khaleejdigital.com\/fr\/\",\"name\":\"Home\"}},{\"@type\":\"ListItem\",\"position\":2,\"item\":{\"@type\":\"WebPage\",\"@id\":\"https:\/\/www.khaleejdigital.com\/fr\/\",\"url\":\"https:\/\/www.khaleejdigital.com\/fr\/\",\"name\":\"Accueil\"}}]}]}<\/script>\n<!-- \/ Yoast SEO Premium plugin. -->","_links":{"self":[{"href":"https:\/\/www.khaleejdigital.com\/fr\/wp-json\/wp\/v2\/pages\/864"}],"collection":[{"href":"https:\/\/www.khaleejdigital.com\/fr\/wp-json\/wp\/v2\/pages"}],"about":[{"href":"https:\/\/www.khaleejdigital.com\/fr\/wp-json\/wp\/v2\/types\/page"}],"author":[{"embeddable":true,"href":"https:\/\/www.khaleejdigital.com\/fr\/wp-json\/wp\/v2\/users\/7"}],"replies":[{"embeddable":true,"href":"https:\/\/www.khaleejdigital.com\/fr\/wp-json\/wp\/v2\/comments?post=864"}],"version-history":[{"count":2,"href":"https:\/\/www.khaleejdigital.com\/fr\/wp-json\/wp\/v2\/pages\/864\/revisions"}],"predecessor-version":[{"id":1090,"href":"https:\/\/www.khaleejdigital.com\/fr\/wp-json\/wp\/v2\/pages\/864\/revisions\/1090"}],"wp:attachment":[{"href":"https:\/\/www.khaleejdigital.com\/fr\/wp-json\/wp\/v2\/media?parent=864"}],"curies":[{"name":"wp","href":"https:\/\/api.w.org\/{rel}","templated":true}]}}